{"id":6396,"date":"2023-05-24T22:50:05","date_gmt":"2023-05-24T22:50:05","guid":{"rendered":"https:\/\/distribuidoradeherrajes.com.mx\/?post_type=product&#038;p=6396"},"modified":"2023-05-24T22:50:05","modified_gmt":"2023-05-24T22:50:05","slug":"arana-2cos-ds","status":"publish","type":"product","link":"https:\/\/distribuidoradeherrajes.com.mx\/index.php\/producto\/arana-2cos-ds\/","title":{"rendered":"ARA\u00d1A-2COS DS"},"content":{"rendered":"<p>ARA\u00d1A 2 BRAZOS FIJACI\u00d3N A COSTILLA ACERO INX 304<\/p>\n","protected":false},"excerpt":{"rendered":"<p>ARA\u00d1A 2 BRAZOS FIJACI\u00d3N A COSTILLA ACERO INX 304<\/p>\n<p><img decoding=\"async\" class=\"alignnone  wp-image-12\" src=\"https:\/\/distribuidoradeherrajes.com.mx\/wp-content\/uploads\/2020\/02\/LOGO-PARA-PAGINA-DHA-300x300.jpg\" alt=\"\" width=\"131\" height=\"131\" srcset=\"https:\/\/distribuidoradeherrajes.com.mx\/wp-content\/uploads\/2020\/02\/LOGO-PARA-PAGINA-DHA-300x300.jpg 300w, https:\/\/distribuidoradeherrajes.com.mx\/wp-content\/uploads\/2020\/02\/LOGO-PARA-PAGINA-DHA-100x100.jpg 100w, https:\/\/distribuidoradeherrajes.com.mx\/wp-content\/uploads\/2020\/02\/LOGO-PARA-PAGINA-DHA-150x150.jpg 150w, https:\/\/distribuidoradeherrajes.com.mx\/wp-content\/uploads\/2020\/02\/LOGO-PARA-PAGINA-DHA.jpg 512w\" sizes=\"(max-width: 131px) 100vw, 131px\" \/><\/p>\n","protected":false},"featured_media":6398,"template":"","meta":{"_joinchat":[]},"product_brand":[],"product_cat":[26],"product_tag":[],"class_list":{"0":"post-6396","1":"product","2":"type-product","3":"status-publish","4":"has-post-thumbnail","6":"product_cat-aranas-y-herrajes-para-fachadas","8":"first","9":"instock","10":"shipping-taxable","11":"product-type-simple"},"_links":{"self":[{"href":"https:\/\/distribuidoradeherrajes.com.mx\/index.php\/wp-json\/wp\/v2\/product\/6396","targetHints":{"allow":["GET"]}}],"collection":[{"href":"https:\/\/distribuidoradeherrajes.com.mx\/index.php\/wp-json\/wp\/v2\/product"}],"about":[{"href":"https:\/\/distribuidoradeherrajes.com.mx\/index.php\/wp-json\/wp\/v2\/types\/product"}],"wp:featuredmedia":[{"embeddable":true,"href":"https:\/\/distribuidoradeherrajes.com.mx\/index.php\/wp-json\/wp\/v2\/media\/6398"}],"wp:attachment":[{"href":"https:\/\/distribuidoradeherrajes.com.mx\/index.php\/wp-json\/wp\/v2\/media?parent=6396"}],"wp:term":[{"taxonomy":"product_brand","embeddable":true,"href":"https:\/\/distribuidoradeherrajes.com.mx\/index.php\/wp-json\/wp\/v2\/product_brand?post=6396"},{"taxonomy":"product_cat","embeddable":true,"href":"https:\/\/distribuidoradeherrajes.com.mx\/index.php\/wp-json\/wp\/v2\/product_cat?post=6396"},{"taxonomy":"product_tag","embeddable":true,"href":"https:\/\/distribuidoradeherrajes.com.mx\/index.php\/wp-json\/wp\/v2\/product_tag?post=6396"}],"curies":[{"name":"wp","href":"https:\/\/api.w.org\/{rel}","templated":true}]}}